{"id":8,"date":"2024-03-28T10:53:03","date_gmt":"2024-03-28T09:53:03","guid":{"rendered":"https:\/\/www.ikonpartner.sk\/?page_id=8"},"modified":"2024-07-08T16:22:13","modified_gmt":"2024-07-08T14:22:13","slug":"elementor-8","status":"publish","type":"page","link":"https:\/\/www.ikonpartner.sk\/","title":{"rendered":"Uvod"},"content":{"rendered":"\t\t<div data-elementor-type=\"wp-post\" data-elementor-id=\"8\" class=\"elementor elementor-8\">\n\t\t\t\t<div class=\"elementor-element elementor-element-d40585b e-flex e-con-boxed e-con e-parent\" data-id=\"d40585b\" data-element_type=\"container\" data-core-v316-plus=\"true\">\n\t\t\t\t\t<div class=\"e-con-inner\">\n\t\t<div class=\"elementor-element elementor-element-be309cf e-con-full e-flex e-con e-child\" data-id=\"be309cf\" data-element_type=\"container\">\n\t\t<div class=\"elementor-element elementor-element-56a8bbf e-con-full e-flex e-con e-child\" data-id=\"56a8bbf\" data-element_type=\"container\">\n\t\t\t\t<div class=\"elementor-element elementor-element-df32986 elementor-widget elementor-widget-image\" data-id=\"df32986\" data-element_type=\"widget\" data-widget_type=\"image.default\">\n\t\t\t\t<div class=\"elementor-widget-container\">\n\t\t\t<style>\/*! elementor - v3.20.0 - 26-03-2024 *\/\n.elementor-widget-image{text-align:center}.elementor-widget-image a{display:inline-block}.elementor-widget-image a img[src$=\".svg\"]{width:48px}.elementor-widget-image img{vertical-align:middle;display:inline-block}<\/style>\t\t\t\t\t\t\t\t\t\t<img decoding=\"async\" width=\"183\" height=\"73\" src=\"https:\/\/www.ikonpartner.sk\/wp-content\/uploads\/2024\/03\/logo_ikon.png\" class=\"attachment-full size-full wp-image-31\" alt=\"\" \/>\t\t\t\t\t\t\t\t\t\t\t\t\t<\/div>\n\t\t\t\t<\/div>\n\t\t\t\t<div class=\"elementor-element elementor-element-3e50716 elementor-widget elementor-widget-spacer\" data-id=\"3e50716\" data-element_type=\"widget\" data-widget_type=\"spacer.default\">\n\t\t\t\t<div class=\"elementor-widget-container\">\n\t\t\t<style>\/*! elementor - v3.20.0 - 26-03-2024 *\/\n.elementor-column .elementor-spacer-inner{height:var(--spacer-size)}.e-con{--container-widget-width:100%}.e-con-inner>.elementor-widget-spacer,.e-con>.elementor-widget-spacer{width:var(--container-widget-width,var(--spacer-size));--align-self:var(--container-widget-align-self,initial);--flex-shrink:0}.e-con-inner>.elementor-widget-spacer>.elementor-widget-container,.e-con>.elementor-widget-spacer>.elementor-widget-container{height:100%;width:100%}.e-con-inner>.elementor-widget-spacer>.elementor-widget-container>.elementor-spacer,.e-con>.elementor-widget-spacer>.elementor-widget-container>.elementor-spacer{height:100%}.e-con-inner>.elementor-widget-spacer>.elementor-widget-container>.elementor-spacer>.elementor-spacer-inner,.e-con>.elementor-widget-spacer>.elementor-widget-container>.elementor-spacer>.elementor-spacer-inner{height:var(--container-widget-height,var(--spacer-size))}.e-con-inner>.elementor-widget-spacer.elementor-widget-empty,.e-con>.elementor-widget-spacer.elementor-widget-empty{position:relative;min-height:22px;min-width:22px}.e-con-inner>.elementor-widget-spacer.elementor-widget-empty .elementor-widget-empty-icon,.e-con>.elementor-widget-spacer.elementor-widget-empty .elementor-widget-empty-icon{position:absolute;top:0;bottom:0;left:0;right:0;margin:auto;padding:0;width:22px;height:22px}<\/style>\t\t<div class=\"elementor-spacer\">\n\t\t\t<div class=\"elementor-spacer-inner\"><\/div>\n\t\t<\/div>\n\t\t\t\t<\/div>\n\t\t\t\t<\/div>\n\t\t\t\t<\/div>\n\t\t<div class=\"elementor-element elementor-element-7703252 e-con-full e-flex e-con e-child\" data-id=\"7703252\" data-element_type=\"container\">\n\t\t\t\t<div class=\"elementor-element elementor-element-c9e4030 elementor-widget elementor-widget-spacer\" data-id=\"c9e4030\" data-element_type=\"widget\" data-widget_type=\"spacer.default\">\n\t\t\t\t<div class=\"elementor-widget-container\">\n\t\t\t\t\t<div class=\"elementor-spacer\">\n\t\t\t<div class=\"elementor-spacer-inner\"><\/div>\n\t\t<\/div>\n\t\t\t\t<\/div>\n\t\t\t\t<\/div>\n\t\t\t\t<div class=\"elementor-element elementor-element-078d2d7 elementor-widget elementor-widget-heading\" data-id=\"078d2d7\" data-element_type=\"widget\" data-widget_type=\"heading.default\">\n\t\t\t\t<div class=\"elementor-widget-container\">\n\t\t\t<style>\/*! elementor - v3.20.0 - 26-03-2024 *\/\n.elementor-heading-title{padding:0;margin:0;line-height:1}.elementor-widget-heading .elementor-heading-title[class*=elementor-size-]>a{color:inherit;font-size:inherit;line-height:inherit}.elementor-widget-heading .elementor-heading-title.elementor-size-small{font-size:15px}.elementor-widget-heading .elementor-heading-title.elementor-size-medium{font-size:19px}.elementor-widget-heading .elementor-heading-title.elementor-size-large{font-size:29px}.elementor-widget-heading .elementor-heading-title.elementor-size-xl{font-size:39px}.elementor-widget-heading .elementor-heading-title.elementor-size-xxl{font-size:59px}<\/style><h2 class=\"elementor-heading-title elementor-size-default\"><a href=\"https:\/\/www.groupama.hu\/hu\/sk\">GROUPAMA<\/a><\/h2>\t\t<\/div>\n\t\t\t\t<\/div>\n\t\t\t\t<\/div>\n\t\t<div class=\"elementor-element elementor-element-91f0dab e-con-full e-flex e-con e-child\" data-id=\"91f0dab\" data-element_type=\"container\">\n\t\t\t\t<div class=\"elementor-element elementor-element-4d2f15b elementor-align-right elementor-widget elementor-widget-button\" data-id=\"4d2f15b\" data-element_type=\"widget\" data-widget_type=\"button.default\">\n\t\t\t\t<div class=\"elementor-widget-container\">\n\t\t\t\t\t<div class=\"elementor-button-wrapper\">\n\t\t\t<a class=\"elementor-button elementor-button-link elementor-size-sm\" href=\"?page_id=5\">\n\t\t\t\t\t\t<span class=\"elementor-button-content-wrapper\">\n\t\t\t\t\t\t<span class=\"elementor-button-text\">Kontakt<\/span>\n\t\t<\/span>\n\t\t\t\t\t<\/a>\n\t\t<\/div>\n\t\t\t\t<\/div>\n\t\t\t\t<\/div>\n\t\t\t\t<\/div>\n\t\t\t\t<\/div>\n\t\t\t\t\t<\/div>\n\t\t\t\t<\/div>\n\t\t<div class=\"elementor-element elementor-element-d9f0e18 elementor-hidden-desktop elementor-hidden-tablet elementor-hidden-mobile e-flex e-con-boxed e-con e-parent\" data-id=\"d9f0e18\" data-element_type=\"container\" data-core-v316-plus=\"true\">\n\t\t\t\t\t<div class=\"e-con-inner\">\n\t\t\t\t<div class=\"elementor-element elementor-element-39fb797 elementor-widget elementor-widget-heading\" data-id=\"39fb797\" data-element_type=\"widget\" data-widget_type=\"heading.default\">\n\t\t\t\t<div class=\"elementor-widget-container\">\n\t\t\t<h2 class=\"elementor-heading-title elementor-size-default\">Exkluz\u00edvny partner pois\u0165ovne Groupama Biztos\u00edt\u00f3 Zrt. na Slovensku\n<\/h2>\t\t<\/div>\n\t\t\t\t<\/div>\n\t\t\t\t\t<\/div>\n\t\t\t\t<\/div>\n\t\t<div class=\"elementor-element elementor-element-838defc elementor-hidden-desktop elementor-hidden-tablet elementor-hidden-mobile e-flex e-con-boxed e-con e-parent\" data-id=\"838defc\" data-element_type=\"container\" data-core-v316-plus=\"true\">\n\t\t\t\t\t<div class=\"e-con-inner\">\n\t\t<div class=\"elementor-element elementor-element-9cd9cae e-con-full e-flex e-con e-child\" data-id=\"9cd9cae\" data-element_type=\"container\">\n\t\t\t\t<\/div>\n\t\t<div class=\"elementor-element elementor-element-bca2fb4 e-con-full e-flex e-con e-child\" data-id=\"bca2fb4\" data-element_type=\"container\">\n\t\t\t\t<div class=\"elementor-element elementor-element-22f4b7b elementor-widget elementor-widget-image\" data-id=\"22f4b7b\" data-element_type=\"widget\" data-widget_type=\"image.default\">\n\t\t\t\t<div class=\"elementor-widget-container\">\n\t\t\t\t\t\t\t\t\t\t\t\t\t<img fetchpriority=\"high\" decoding=\"async\" width=\"450\" height=\"240\" src=\"https:\/\/www.ikonpartner.sk\/wp-content\/uploads\/2024\/03\/groupama.png\" class=\"attachment-full size-full wp-image-11\" alt=\"\" srcset=\"https:\/\/www.ikonpartner.sk\/wp-content\/uploads\/2024\/03\/groupama.png 450w, https:\/\/www.ikonpartner.sk\/wp-content\/uploads\/2024\/03\/groupama-300x160.png 300w\" sizes=\"(max-width: 450px) 100vw, 450px\" \/>\t\t\t\t\t\t\t\t\t\t\t\t\t<\/div>\n\t\t\t\t<\/div>\n\t\t\t\t<\/div>\n\t\t<div class=\"elementor-element elementor-element-b971b13 e-con-full e-flex e-con e-child\" data-id=\"b971b13\" data-element_type=\"container\">\n\t\t\t\t<\/div>\n\t\t\t\t\t<\/div>\n\t\t\t\t<\/div>\n\t\t<div class=\"elementor-element elementor-element-550809b e-flex e-con-boxed e-con e-parent\" data-id=\"550809b\" data-element_type=\"container\" data-core-v316-plus=\"true\">\n\t\t\t\t\t<div class=\"e-con-inner\">\n\t\t\t\t<div class=\"elementor-element elementor-element-72397f7 elementor-widget elementor-widget-text-editor\" data-id=\"72397f7\" data-element_type=\"widget\" data-widget_type=\"text-editor.default\">\n\t\t\t\t<div class=\"elementor-widget-container\">\n\t\t\t<style>\/*! elementor - v3.20.0 - 26-03-2024 *\/\n.elementor-widget-text-editor.elementor-drop-cap-view-stacked .elementor-drop-cap{background-color:#69727d;color:#fff}.elementor-widget-text-editor.elementor-drop-cap-view-framed .elementor-drop-cap{color:#69727d;border:3px solid;background-color:transparent}.elementor-widget-text-editor:not(.elementor-drop-cap-view-default) .elementor-drop-cap{margin-top:8px}.elementor-widget-text-editor:not(.elementor-drop-cap-view-default) .elementor-drop-cap-letter{width:1em;height:1em}.elementor-widget-text-editor .elementor-drop-cap{float:left;text-align:center;line-height:1;font-size:50px}.elementor-widget-text-editor .elementor-drop-cap-letter{display:inline-block}<\/style>\t\t\t\t<p><a href=\"https:\/\/www.ikonpartner.sk\/wp-content\/uploads\/2024\/07\/Vyhlasenie-o-spracuvani-OU-final.docx\">Vyhl\u00e1senie o sprac\u00favan\u00ed osobn\u00fdch \u00fadajov<\/a><\/p>\t\t\t\t\t\t<\/div>\n\t\t\t\t<\/div>\n\t\t\t\t<div class=\"elementor-element elementor-element-ca703b6 elementor-widget elementor-widget-text-editor\" data-id=\"ca703b6\" data-element_type=\"widget\" data-widget_type=\"text-editor.default\">\n\t\t\t\t<div class=\"elementor-widget-container\">\n\t\t\t\t\t\t\t<p>Spolo\u010dnos\u0165 Ikonpartner, s.r.o. ukon\u010dila spolupr\u00e1cu s Groupama Biztos\u00edt\u00f3 ku d\u0148u 26.10.2023, kedy bola identickou \u010dinnos\u0165ou spolupr\u00e1ce vybavovan\u00ed klientskych n\u00e1rokov poveren\u00e1 spolo\u010dnos\u0165 Patrik Bogn\u00e1r, s.r.o. Ke\u010f\u017ee spolo\u010dnos\u0165 Patrik Bogn\u00e1r s.r.o. nem\u00e1 vlastn\u00fa webov\u00fa str\u00e1nku, v z\u00e1ujme zachovania kontinuity uv\u00e1dzame inform\u00e1cie aj na tejto str\u00e1nke a rovnako prij\u00edmame podnety klientov aj na p\u00f4vodn\u00fdch <a href=\"https:\/\/www.ikonpartner.sk\/?page_id=5\">kontaktoch<\/a>.<\/p>\t\t\t\t\t\t<\/div>\n\t\t\t\t<\/div>\n\t\t\t\t\t<\/div>\n\t\t\t\t<\/div>\n\t\t\t\t<\/div>\n\t\t","protected":false},"excerpt":{"rendered":"<p>GROUPAMA Kontakt Exkluz\u00edvny partner pois\u0165ovne Groupama Biztos\u00edt\u00f3 Zrt. na Slovensku Vyhl\u00e1senie o sprac\u00favan\u00ed osobn\u00fdch \u00fadajov Spolo\u010dnos\u0165 Ikonpartner, s.r.o. ukon\u010dila spolupr\u00e1cu s Groupama Biztos\u00edt\u00f3 ku d\u0148u 26.10.2023, kedy bola identickou \u010dinnos\u0165ou spolupr\u00e1ce vybavovan\u00ed klientskych n\u00e1rokov poveren\u00e1 spolo\u010dnos\u0165 Patrik Bogn\u00e1r, s.r.o. Ke\u010f\u017ee spolo\u010dnos\u0165 Patrik Bogn\u00e1r s.r.o. nem\u00e1 vlastn\u00fa webov\u00fa str\u00e1nku, v z\u00e1ujme zachovania kontinuity uv\u00e1dzame inform\u00e1cie aj [&hellip;]<\/p>\n","protected":false},"author":1,"featured_media":0,"parent":0,"menu_order":0,"comment_status":"closed","ping_status":"closed","template":"elementor_canvas","meta":{"_monsterinsights_skip_tracking":false,"_monsterinsights_sitenote_active":false,"_monsterinsights_sitenote_note":"","_monsterinsights_sitenote_category":0,"footnotes":""},"yoast_head":"<!-- This site is optimized with the Yoast SEO plugin v22.3 - https:\/\/yoast.com\/wordpress\/plugins\/seo\/ -->\n<title>Uvod - ikonpartner<\/title>\n<meta name=\"robots\" content=\"index, follow, max-snippet:-1, max-image-preview:large, max-video-preview:-1\" \/>\n<link rel=\"canonical\" href=\"https:\/\/www.ikonpartner.sk\/\" \/>\n<meta property=\"og:locale\" content=\"sk_SK\" \/>\n<meta property=\"og:type\" content=\"article\" \/>\n<meta property=\"og:title\" content=\"Uvod - ikonpartner\" \/>\n<meta property=\"og:description\" content=\"GROUPAMA Kontakt Exkluz\u00edvny partner pois\u0165ovne Groupama Biztos\u00edt\u00f3 Zrt. na Slovensku Vyhl\u00e1senie o sprac\u00favan\u00ed osobn\u00fdch \u00fadajov Spolo\u010dnos\u0165 Ikonpartner, s.r.o. ukon\u010dila spolupr\u00e1cu s Groupama Biztos\u00edt\u00f3 ku d\u0148u 26.10.2023, kedy bola identickou \u010dinnos\u0165ou spolupr\u00e1ce vybavovan\u00ed klientskych n\u00e1rokov poveren\u00e1 spolo\u010dnos\u0165 Patrik Bogn\u00e1r, s.r.o. Ke\u010f\u017ee spolo\u010dnos\u0165 Patrik Bogn\u00e1r s.r.o. nem\u00e1 vlastn\u00fa webov\u00fa str\u00e1nku, v z\u00e1ujme zachovania kontinuity uv\u00e1dzame inform\u00e1cie aj [&hellip;]\" \/>\n<meta property=\"og:url\" content=\"https:\/\/www.ikonpartner.sk\/\" \/>\n<meta property=\"og:site_name\" content=\"ikonpartner\" \/>\n<meta property=\"article:modified_time\" content=\"2024-07-08T14:22:13+00:00\" \/>\n<meta property=\"og:image\" content=\"https:\/\/www.ikonpartner.sk\/wp-content\/uploads\/2024\/03\/logo_ikon.png\" \/>\n<meta name=\"twitter:card\" content=\"summary_large_image\" \/>\n<meta name=\"twitter:label1\" content=\"Predpokladan\u00fd \u010das \u010d\u00edtania\" \/>\n\t<meta name=\"twitter:data1\" content=\"1 min\u00fata\" \/>\n<script type=\"application\/ld+json\" class=\"yoast-schema-graph\">{\"@context\":\"https:\/\/schema.org\",\"@graph\":[{\"@type\":\"WebPage\",\"@id\":\"https:\/\/www.ikonpartner.sk\/\",\"url\":\"https:\/\/www.ikonpartner.sk\/\",\"name\":\"Uvod - ikonpartner\",\"isPartOf\":{\"@id\":\"https:\/\/www.ikonpartner.sk\/#website\"},\"primaryImageOfPage\":{\"@id\":\"https:\/\/www.ikonpartner.sk\/#primaryimage\"},\"image\":{\"@id\":\"https:\/\/www.ikonpartner.sk\/#primaryimage\"},\"thumbnailUrl\":\"https:\/\/www.ikonpartner.sk\/wp-content\/uploads\/2024\/03\/logo_ikon.png\",\"datePublished\":\"2024-03-28T09:53:03+00:00\",\"dateModified\":\"2024-07-08T14:22:13+00:00\",\"breadcrumb\":{\"@id\":\"https:\/\/www.ikonpartner.sk\/#breadcrumb\"},\"inLanguage\":\"sk-SK\",\"potentialAction\":[{\"@type\":\"ReadAction\",\"target\":[\"https:\/\/www.ikonpartner.sk\/\"]}]},{\"@type\":\"ImageObject\",\"inLanguage\":\"sk-SK\",\"@id\":\"https:\/\/www.ikonpartner.sk\/#primaryimage\",\"url\":\"https:\/\/www.ikonpartner.sk\/wp-content\/uploads\/2024\/03\/logo_ikon.png\",\"contentUrl\":\"https:\/\/www.ikonpartner.sk\/wp-content\/uploads\/2024\/03\/logo_ikon.png\",\"width\":183,\"height\":73},{\"@type\":\"BreadcrumbList\",\"@id\":\"https:\/\/www.ikonpartner.sk\/#breadcrumb\",\"itemListElement\":[{\"@type\":\"ListItem\",\"position\":1,\"name\":\"Home\",\"item\":\"https:\/\/www.ikonpartner.sk\/\"},{\"@type\":\"ListItem\",\"position\":2,\"name\":\"Uvod\"}]},{\"@type\":\"WebSite\",\"@id\":\"https:\/\/www.ikonpartner.sk\/#website\",\"url\":\"https:\/\/www.ikonpartner.sk\/\",\"name\":\"ikonpartner\",\"description\":\"\",\"potentialAction\":[{\"@type\":\"SearchAction\",\"target\":{\"@type\":\"EntryPoint\",\"urlTemplate\":\"https:\/\/www.ikonpartner.sk\/?s={search_term_string}\"},\"query-input\":\"required name=search_term_string\"}],\"inLanguage\":\"sk-SK\"}]}<\/script>\n<!-- \/ Yoast SEO plugin. -->","yoast_head_json":{"title":"Uvod - ikonpartner","robots":{"index":"index","follow":"follow","max-snippet":"max-snippet:-1","max-image-preview":"max-image-preview:large","max-video-preview":"max-video-preview:-1"},"canonical":"https:\/\/www.ikonpartner.sk\/","og_locale":"sk_SK","og_type":"article","og_title":"Uvod - ikonpartner","og_description":"GROUPAMA Kontakt Exkluz\u00edvny partner pois\u0165ovne Groupama Biztos\u00edt\u00f3 Zrt. na Slovensku Vyhl\u00e1senie o sprac\u00favan\u00ed osobn\u00fdch \u00fadajov Spolo\u010dnos\u0165 Ikonpartner, s.r.o. ukon\u010dila spolupr\u00e1cu s Groupama Biztos\u00edt\u00f3 ku d\u0148u 26.10.2023, kedy bola identickou \u010dinnos\u0165ou spolupr\u00e1ce vybavovan\u00ed klientskych n\u00e1rokov poveren\u00e1 spolo\u010dnos\u0165 Patrik Bogn\u00e1r, s.r.o. Ke\u010f\u017ee spolo\u010dnos\u0165 Patrik Bogn\u00e1r s.r.o. nem\u00e1 vlastn\u00fa webov\u00fa str\u00e1nku, v z\u00e1ujme zachovania kontinuity uv\u00e1dzame inform\u00e1cie aj [&hellip;]","og_url":"https:\/\/www.ikonpartner.sk\/","og_site_name":"ikonpartner","article_modified_time":"2024-07-08T14:22:13+00:00","og_image":[{"url":"https:\/\/www.ikonpartner.sk\/wp-content\/uploads\/2024\/03\/logo_ikon.png"}],"twitter_card":"summary_large_image","twitter_misc":{"Predpokladan\u00fd \u010das \u010d\u00edtania":"1 min\u00fata"},"schema":{"@context":"https:\/\/schema.org","@graph":[{"@type":"WebPage","@id":"https:\/\/www.ikonpartner.sk\/","url":"https:\/\/www.ikonpartner.sk\/","name":"Uvod - ikonpartner","isPartOf":{"@id":"https:\/\/www.ikonpartner.sk\/#website"},"primaryImageOfPage":{"@id":"https:\/\/www.ikonpartner.sk\/#primaryimage"},"image":{"@id":"https:\/\/www.ikonpartner.sk\/#primaryimage"},"thumbnailUrl":"https:\/\/www.ikonpartner.sk\/wp-content\/uploads\/2024\/03\/logo_ikon.png","datePublished":"2024-03-28T09:53:03+00:00","dateModified":"2024-07-08T14:22:13+00:00","breadcrumb":{"@id":"https:\/\/www.ikonpartner.sk\/#breadcrumb"},"inLanguage":"sk-SK","potentialAction":[{"@type":"ReadAction","target":["https:\/\/www.ikonpartner.sk\/"]}]},{"@type":"ImageObject","inLanguage":"sk-SK","@id":"https:\/\/www.ikonpartner.sk\/#primaryimage","url":"https:\/\/www.ikonpartner.sk\/wp-content\/uploads\/2024\/03\/logo_ikon.png","contentUrl":"https:\/\/www.ikonpartner.sk\/wp-content\/uploads\/2024\/03\/logo_ikon.png","width":183,"height":73},{"@type":"BreadcrumbList","@id":"https:\/\/www.ikonpartner.sk\/#breadcrumb","itemListElement":[{"@type":"ListItem","position":1,"name":"Home","item":"https:\/\/www.ikonpartner.sk\/"},{"@type":"ListItem","position":2,"name":"Uvod"}]},{"@type":"WebSite","@id":"https:\/\/www.ikonpartner.sk\/#website","url":"https:\/\/www.ikonpartner.sk\/","name":"ikonpartner","description":"","potentialAction":[{"@type":"SearchAction","target":{"@type":"EntryPoint","urlTemplate":"https:\/\/www.ikonpartner.sk\/?s={search_term_string}"},"query-input":"required name=search_term_string"}],"inLanguage":"sk-SK"}]}},"_links":{"self":[{"href":"https:\/\/www.ikonpartner.sk\/index.php?rest_route=\/wp\/v2\/pages\/8"}],"collection":[{"href":"https:\/\/www.ikonpartner.sk\/index.php?rest_route=\/wp\/v2\/pages"}],"about":[{"href":"https:\/\/www.ikonpartner.sk\/index.php?rest_route=\/wp\/v2\/types\/page"}],"author":[{"embeddable":true,"href":"https:\/\/www.ikonpartner.sk\/index.php?rest_route=\/wp\/v2\/users\/1"}],"replies":[{"embeddable":true,"href":"https:\/\/www.ikonpartner.sk\/index.php?rest_route=%2Fwp%2Fv2%2Fcomments&post=8"}],"version-history":[{"count":6,"href":"https:\/\/www.ikonpartner.sk\/index.php?rest_route=\/wp\/v2\/pages\/8\/revisions"}],"predecessor-version":[{"id":111,"href":"https:\/\/www.ikonpartner.sk\/index.php?rest_route=\/wp\/v2\/pages\/8\/revisions\/111"}],"wp:attachment":[{"href":"https:\/\/www.ikonpartner.sk\/index.php?rest_route=%2Fwp%2Fv2%2Fmedia&parent=8"}],"curies":[{"name":"wp","href":"https:\/\/api.w.org\/{rel}","templated":true}]}}