{"id":5,"date":"2024-03-28T10:49:21","date_gmt":"2024-03-28T09:49:21","guid":{"rendered":"https:\/\/www.ikonpartner.sk\/?page_id=5"},"modified":"2024-07-08T15:36:07","modified_gmt":"2024-07-08T13:36:07","slug":"ikonpartner","status":"publish","type":"page","link":"https:\/\/www.ikonpartner.sk\/?page_id=5","title":{"rendered":"Kontakt"},"content":{"rendered":"\t\t<div data-elementor-type=\"wp-page\" data-elementor-id=\"5\" class=\"elementor elementor-5\">\n\t\t\t\t<div class=\"elementor-element elementor-element-faad2ff e-con-full e-flex e-con e-parent\" data-id=\"faad2ff\" data-element_type=\"container\" data-core-v316-plus=\"true\">\n\t\t<div class=\"elementor-element elementor-element-51671cc e-con-full e-flex e-con e-child\" data-id=\"51671cc\" data-element_type=\"container\">\n\t\t\t\t<div class=\"elementor-element elementor-element-46ad70d elementor-widget elementor-widget-image\" data-id=\"46ad70d\" data-element_type=\"widget\" data-widget_type=\"image.default\">\n\t\t\t\t<div class=\"elementor-widget-container\">\n\t\t\t<style>\/*! elementor - v3.20.0 - 26-03-2024 *\/\n.elementor-widget-image{text-align:center}.elementor-widget-image a{display:inline-block}.elementor-widget-image a img[src$=\".svg\"]{width:48px}.elementor-widget-image img{vertical-align:middle;display:inline-block}<\/style>\t\t\t\t\t\t\t\t\t\t<img decoding=\"async\" width=\"183\" height=\"73\" src=\"https:\/\/www.ikonpartner.sk\/wp-content\/uploads\/2024\/03\/logo_ikon.png\" class=\"attachment-full size-full wp-image-31\" alt=\"\" \/>\t\t\t\t\t\t\t\t\t\t\t\t\t<\/div>\n\t\t\t\t<\/div>\n\t\t\t\t<div class=\"elementor-element elementor-element-19199fa elementor-widget elementor-widget-spacer\" data-id=\"19199fa\" data-element_type=\"widget\" data-widget_type=\"spacer.default\">\n\t\t\t\t<div class=\"elementor-widget-container\">\n\t\t\t<style>\/*! elementor - v3.20.0 - 26-03-2024 *\/\n.elementor-column .elementor-spacer-inner{height:var(--spacer-size)}.e-con{--container-widget-width:100%}.e-con-inner>.elementor-widget-spacer,.e-con>.elementor-widget-spacer{width:var(--container-widget-width,var(--spacer-size));--align-self:var(--container-widget-align-self,initial);--flex-shrink:0}.e-con-inner>.elementor-widget-spacer>.elementor-widget-container,.e-con>.elementor-widget-spacer>.elementor-widget-container{height:100%;width:100%}.e-con-inner>.elementor-widget-spacer>.elementor-widget-container>.elementor-spacer,.e-con>.elementor-widget-spacer>.elementor-widget-container>.elementor-spacer{height:100%}.e-con-inner>.elementor-widget-spacer>.elementor-widget-container>.elementor-spacer>.elementor-spacer-inner,.e-con>.elementor-widget-spacer>.elementor-widget-container>.elementor-spacer>.elementor-spacer-inner{height:var(--container-widget-height,var(--spacer-size))}.e-con-inner>.elementor-widget-spacer.elementor-widget-empty,.e-con>.elementor-widget-spacer.elementor-widget-empty{position:relative;min-height:22px;min-width:22px}.e-con-inner>.elementor-widget-spacer.elementor-widget-empty .elementor-widget-empty-icon,.e-con>.elementor-widget-spacer.elementor-widget-empty .elementor-widget-empty-icon{position:absolute;top:0;bottom:0;left:0;right:0;margin:auto;padding:0;width:22px;height:22px}<\/style>\t\t<div class=\"elementor-spacer\">\n\t\t\t<div class=\"elementor-spacer-inner\"><\/div>\n\t\t<\/div>\n\t\t\t\t<\/div>\n\t\t\t\t<\/div>\n\t\t\t\t<\/div>\n\t\t<div class=\"elementor-element elementor-element-561e573 e-con-full e-flex e-con e-child\" data-id=\"561e573\" data-element_type=\"container\">\n\t\t\t\t<div class=\"elementor-element elementor-element-7714b3e elementor-widget elementor-widget-spacer\" data-id=\"7714b3e\" data-element_type=\"widget\" data-widget_type=\"spacer.default\">\n\t\t\t\t<div class=\"elementor-widget-container\">\n\t\t\t\t\t<div class=\"elementor-spacer\">\n\t\t\t<div class=\"elementor-spacer-inner\"><\/div>\n\t\t<\/div>\n\t\t\t\t<\/div>\n\t\t\t\t<\/div>\n\t\t\t\t<div class=\"elementor-element elementor-element-953dba5 elementor-widget elementor-widget-heading\" data-id=\"953dba5\" data-element_type=\"widget\" data-widget_type=\"heading.default\">\n\t\t\t\t<div class=\"elementor-widget-container\">\n\t\t\t<style>\/*! elementor - v3.20.0 - 26-03-2024 *\/\n.elementor-heading-title{padding:0;margin:0;line-height:1}.elementor-widget-heading .elementor-heading-title[class*=elementor-size-]>a{color:inherit;font-size:inherit;line-height:inherit}.elementor-widget-heading .elementor-heading-title.elementor-size-small{font-size:15px}.elementor-widget-heading .elementor-heading-title.elementor-size-medium{font-size:19px}.elementor-widget-heading .elementor-heading-title.elementor-size-large{font-size:29px}.elementor-widget-heading .elementor-heading-title.elementor-size-xl{font-size:39px}.elementor-widget-heading .elementor-heading-title.elementor-size-xxl{font-size:59px}<\/style><h2 class=\"elementor-heading-title elementor-size-default\"><a href=\"https:\/\/www.groupama.hu\/hu\/sk\">GROUPAMA<\/a><\/h2>\t\t<\/div>\n\t\t\t\t<\/div>\n\t\t\t\t<\/div>\n\t\t<div class=\"elementor-element elementor-element-91e0a19 e-con-full e-flex e-con e-child\" data-id=\"91e0a19\" data-element_type=\"container\">\n\t\t\t\t<div class=\"elementor-element elementor-element-2da87f5 elementor-align-right elementor-widget elementor-widget-button\" data-id=\"2da87f5\" data-element_type=\"widget\" data-widget_type=\"button.default\">\n\t\t\t\t<div class=\"elementor-widget-container\">\n\t\t\t\t\t<div class=\"elementor-button-wrapper\">\n\t\t\t<a class=\"elementor-button elementor-button-link elementor-size-sm\" href=\"#\">\n\t\t\t\t\t\t<span class=\"elementor-button-content-wrapper\">\n\t\t\t\t\t\t<span class=\"elementor-button-text\">Kontakt<\/span>\n\t\t<\/span>\n\t\t\t\t\t<\/a>\n\t\t<\/div>\n\t\t\t\t<\/div>\n\t\t\t\t<\/div>\n\t\t\t\t<\/div>\n\t\t\t\t<\/div>\n\t\t<div class=\"elementor-element elementor-element-55a9748 e-flex e-con-boxed e-con e-parent\" data-id=\"55a9748\" data-element_type=\"container\" data-core-v316-plus=\"true\">\n\t\t\t\t\t<div class=\"e-con-inner\">\n\t\t<div class=\"elementor-element elementor-element-ab3db3e e-con-full e-flex e-con e-child\" data-id=\"ab3db3e\" data-element_type=\"container\">\n\t\t\t\t<div class=\"elementor-element elementor-element-5cac854 elementor-widget elementor-widget-heading\" data-id=\"5cac854\" data-element_type=\"widget\" data-widget_type=\"heading.default\">\n\t\t\t\t<div class=\"elementor-widget-container\">\n\t\t\t<h2 class=\"elementor-heading-title elementor-size-default\">Kontakt<\/h2>\t\t<\/div>\n\t\t\t\t<\/div>\n\t\t\t\t<div class=\"elementor-element elementor-element-e909a43 elementor-widget elementor-widget-text-editor\" data-id=\"e909a43\" data-element_type=\"widget\" data-widget_type=\"text-editor.default\">\n\t\t\t\t<div class=\"elementor-widget-container\">\n\t\t\t<style>\/*! elementor - v3.20.0 - 26-03-2024 *\/\n.elementor-widget-text-editor.elementor-drop-cap-view-stacked .elementor-drop-cap{background-color:#69727d;color:#fff}.elementor-widget-text-editor.elementor-drop-cap-view-framed .elementor-drop-cap{color:#69727d;border:3px solid;background-color:transparent}.elementor-widget-text-editor:not(.elementor-drop-cap-view-default) .elementor-drop-cap{margin-top:8px}.elementor-widget-text-editor:not(.elementor-drop-cap-view-default) .elementor-drop-cap-letter{width:1em;height:1em}.elementor-widget-text-editor .elementor-drop-cap{float:left;text-align:center;line-height:1;font-size:50px}.elementor-widget-text-editor .elementor-drop-cap-letter{display:inline-block}<\/style>\t\t\t\t\n<div class=\"wpcf7 no-js\" id=\"wpcf7-f54-o1\" lang=\"sk-SK\" dir=\"ltr\">\n<div class=\"screen-reader-response\"><p role=\"status\" aria-live=\"polite\" aria-atomic=\"true\"><\/p> <ul><\/ul><\/div>\n<form action=\"\/index.php?rest_route=%2Fwp%2Fv2%2Fpages%2F5#wpcf7-f54-o1\" method=\"post\" class=\"wpcf7-form init\" aria-label=\"Kontaktn\u00fd formul\u00e1r\" novalidate=\"novalidate\" data-status=\"init\">\n<div style=\"display: none;\">\n<input type=\"hidden\" name=\"_wpcf7\" value=\"54\" \/>\n<input type=\"hidden\" name=\"_wpcf7_version\" value=\"5.9.3\" \/>\n<input type=\"hidden\" name=\"_wpcf7_locale\" value=\"sk_SK\" \/>\n<input type=\"hidden\" name=\"_wpcf7_unit_tag\" value=\"wpcf7-f54-o1\" \/>\n<input type=\"hidden\" name=\"_wpcf7_container_post\" value=\"0\" \/>\n<input type=\"hidden\" name=\"_wpcf7_posted_data_hash\" value=\"\" \/>\n<\/div>\n<p><label> Meno<br \/>\n<span class=\"wpcf7-form-control-wrap\" data-name=\"meno\"><input size=\"40\" class=\"wpcf7-form-control wpcf7-text wpcf7-validates-as-required\" autocomplete=\"meno\" aria-required=\"true\" aria-invalid=\"false\" value=\"\" type=\"text\" name=\"meno\" \/><\/span> <\/label>\n<\/p>\n<p><label> Priezvisko<br \/>\n<span class=\"wpcf7-form-control-wrap\" data-name=\"priezvisko\"><input size=\"40\" class=\"wpcf7-form-control wpcf7-text wpcf7-validates-as-required\" autocomplete=\"priezvisko\" aria-required=\"true\" aria-invalid=\"false\" value=\"\" type=\"text\" name=\"priezvisko\" \/><\/span> <\/label>\n<\/p>\n<p><label> Text<br \/>\n<span class=\"wpcf7-form-control-wrap\" data-name=\"your-message\"><textarea cols=\"40\" rows=\"10\" class=\"wpcf7-form-control wpcf7-textarea\" aria-invalid=\"false\" name=\"your-message\"><\/textarea><\/span> <\/label>\n<\/p>\n<p><label> Telef\u00f3n<br \/>\n<span class=\"wpcf7-form-control-wrap\" data-name=\"your-email\"><input size=\"40\" class=\"wpcf7-form-control wpcf7-email wpcf7-validates-as-required wpcf7-text wpcf7-validates-as-email\" autocomplete=\"email\" aria-required=\"true\" aria-invalid=\"false\" value=\"\" type=\"email\" name=\"your-email\" \/><\/span> <\/label>\n<\/p>\n<p><label> E-mail<br \/>\n<span class=\"wpcf7-form-control-wrap\" data-name=\"your-tel\"><input size=\"40\" class=\"wpcf7-form-control wpcf7-tel wpcf7-validates-as-required wpcf7-text wpcf7-validates-as-tel\" autocomplete=\"tel\" aria-required=\"true\" aria-invalid=\"false\" value=\"\" type=\"tel\" name=\"your-tel\" \/><\/span> <\/label>\n<\/p>\n<p><input class=\"wpcf7-form-control wpcf7-submit has-spinner\" type=\"submit\" value=\"Odosla\u0165\" \/>\n<\/p><div class=\"wpcf7-response-output\" aria-hidden=\"true\"><\/div>\n<\/form>\n<\/div>\n\t\t\t\t\t\t<\/div>\n\t\t\t\t<\/div>\n\t\t\t\t<\/div>\n\t\t<div class=\"elementor-element elementor-element-0c793f7 e-con-full e-flex e-con e-child\" data-id=\"0c793f7\" data-element_type=\"container\">\n\t\t\t\t<div class=\"elementor-element elementor-element-83e55ec elementor-widget elementor-widget-text-editor\" data-id=\"83e55ec\" data-element_type=\"widget\" data-widget_type=\"text-editor.default\">\n\t\t\t\t<div class=\"elementor-widget-container\">\n\t\t\t\t\t\t\t<p><strong>Patrik BOGN\u00c1R, s.r.o.<\/strong><\/p><p>Kr\u00e1\u013eov\u00e1 pri Senci 2035, 90050<\/p><p>I\u010cO: 35890291<br \/>DI\u010c: 2021839578<\/p><div>Tel.:\u00a0\u202d+421 904 573 996\u202c<\/div><div>Email:\u00a0<a class=\"v1moz-txt-link-freetext\" href=\"mailto:ikonpartner@ikonpartner.sk\" rel=\"noreferrer\">ikonpartner@ikonpartner.sk<\/a><\/div><div>Web:\u00a0<a href=\"http:\/\/ikonpartner.sk\/\" target=\"_blank\" rel=\"noopener noreferrer\">ikonpartner.sk<\/a><\/div><div>\u00a0<\/div><p>Fio Bank:<br \/>IBAN: SK2583300000002200806550<br \/>BIC\/SWIFT: FIOZSKBAXXX<\/p><p>Zap\u00edsanej v OR Mestsk\u00fd s\u00fad Bratislava III., Oddiel s.r.o. vlo\u017eka \u010d\u00edslo 32153\/B<\/p>\t\t\t\t\t\t<\/div>\n\t\t\t\t<\/div>\n\t\t\t\t<\/div>\n\t\t\t\t\t<\/div>\n\t\t\t\t<\/div>\n\t\t<div class=\"elementor-element elementor-element-e93c981 e-flex e-con-boxed e-con e-parent\" data-id=\"e93c981\" data-element_type=\"container\" data-core-v316-plus=\"true\">\n\t\t\t\t\t<div class=\"e-con-inner\">\n\t\t\t\t<div class=\"elementor-element elementor-element-cd2a244 elementor-widget__width-inherit elementor-absolute elementor-widget elementor-widget-google_maps\" data-id=\"cd2a244\" data-element_type=\"widget\" data-settings=\"{&quot;_position&quot;:&quot;absolute&quot;}\" data-widget_type=\"google_maps.default\">\n\t\t\t\t<div class=\"elementor-widget-container\">\n\t\t\t<style>\/*! elementor - v3.20.0 - 26-03-2024 *\/\n.elementor-widget-google_maps .elementor-widget-container{overflow:hidden}.elementor-widget-google_maps .elementor-custom-embed{line-height:0}.elementor-widget-google_maps iframe{height:300px}<\/style>\t\t<div class=\"elementor-custom-embed\">\n\t\t\t<iframe loading=\"lazy\"\n\t\t\t\t\tsrc=\"https:\/\/maps.google.com\/maps?q=Kr%C3%A1%C4%BEov%C3%A1%20pri%20senci%202035&#038;t=m&#038;z=15&#038;output=embed&#038;iwloc=near\"\n\t\t\t\t\ttitle=\"Kr\u00e1\u013eov\u00e1 pri senci 2035\"\n\t\t\t\t\taria-label=\"Kr\u00e1\u013eov\u00e1 pri senci 2035\"\n\t\t\t><\/iframe>\n\t\t<\/div>\n\t\t\t\t<\/div>\n\t\t\t\t<\/div>\n\t\t\t\t\t<\/div>\n\t\t\t\t<\/div>\n\t\t\t\t<\/div>\n\t\t","protected":false},"excerpt":{"rendered":"<p>GROUPAMA Kontakt Kontakt Patrik BOGN\u00c1R, s.r.o. Kr\u00e1\u013eov\u00e1 pri Senci 2035, 90050 I\u010cO: 35890291DI\u010c: 2021839578 Tel.:\u00a0\u202d+421 904 573 996\u202cEmail:\u00a0ikonpartner@ikonpartner.skWeb:\u00a0ikonpartner.sk\u00a0 Fio Bank:IBAN: SK2583300000002200806550BIC\/SWIFT: FIOZSKBAXXX Zap\u00edsanej v OR Mestsk\u00fd s\u00fad Bratislava III., Oddiel s.r.o. vlo\u017eka \u010d\u00edslo 32153\/B<\/p>\n","protected":false},"author":1,"featured_media":0,"parent":0,"menu_order":0,"comment_status":"closed","ping_status":"closed","template":"elementor_canvas","meta":{"_monsterinsights_skip_tracking":false,"_monsterinsights_sitenote_active":false,"_monsterinsights_sitenote_note":"","_monsterinsights_sitenote_category":0,"footnotes":""},"yoast_head":"<!-- This site is optimized with the Yoast SEO plugin v22.3 - https:\/\/yoast.com\/wordpress\/plugins\/seo\/ -->\n<title>Kontakt - ikonpartner<\/title>\n<meta name=\"robots\" content=\"index, follow, max-snippet:-1, max-image-preview:large, max-video-preview:-1\" \/>\n<link rel=\"canonical\" href=\"https:\/\/www.ikonpartner.sk\/?page_id=5\" \/>\n<meta property=\"og:locale\" content=\"sk_SK\" \/>\n<meta property=\"og:type\" content=\"article\" \/>\n<meta property=\"og:title\" content=\"Kontakt - ikonpartner\" \/>\n<meta property=\"og:description\" content=\"GROUPAMA Kontakt Kontakt Patrik BOGN\u00c1R, s.r.o. Kr\u00e1\u013eov\u00e1 pri Senci 2035, 90050 I\u010cO: 35890291DI\u010c: 2021839578 Tel.:\u00a0\u202d+421 904 573 996\u202cEmail:\u00a0ikonpartner@ikonpartner.skWeb:\u00a0ikonpartner.sk\u00a0 Fio Bank:IBAN: SK2583300000002200806550BIC\/SWIFT: FIOZSKBAXXX Zap\u00edsanej v OR Mestsk\u00fd s\u00fad Bratislava III., Oddiel s.r.o. vlo\u017eka \u010d\u00edslo 32153\/B\" \/>\n<meta property=\"og:url\" content=\"https:\/\/www.ikonpartner.sk\/?page_id=5\" \/>\n<meta property=\"og:site_name\" content=\"ikonpartner\" \/>\n<meta property=\"article:modified_time\" content=\"2024-07-08T13:36:07+00:00\" \/>\n<meta property=\"og:image\" content=\"https:\/\/www.ikonpartner.sk\/wp-content\/uploads\/2024\/03\/logo_ikon.png\" \/>\n<meta name=\"twitter:card\" content=\"summary_large_image\" \/>\n<meta name=\"twitter:label1\" content=\"Predpokladan\u00fd \u010das \u010d\u00edtania\" \/>\n\t<meta name=\"twitter:data1\" content=\"1 min\u00fata\" \/>\n<script type=\"application\/ld+json\" class=\"yoast-schema-graph\">{\"@context\":\"https:\/\/schema.org\",\"@graph\":[{\"@type\":\"WebPage\",\"@id\":\"https:\/\/www.ikonpartner.sk\/?page_id=5\",\"url\":\"https:\/\/www.ikonpartner.sk\/?page_id=5\",\"name\":\"Kontakt - ikonpartner\",\"isPartOf\":{\"@id\":\"https:\/\/www.ikonpartner.sk\/#website\"},\"primaryImageOfPage\":{\"@id\":\"https:\/\/www.ikonpartner.sk\/?page_id=5#primaryimage\"},\"image\":{\"@id\":\"https:\/\/www.ikonpartner.sk\/?page_id=5#primaryimage\"},\"thumbnailUrl\":\"https:\/\/www.ikonpartner.sk\/wp-content\/uploads\/2024\/03\/logo_ikon.png\",\"datePublished\":\"2024-03-28T09:49:21+00:00\",\"dateModified\":\"2024-07-08T13:36:07+00:00\",\"breadcrumb\":{\"@id\":\"https:\/\/www.ikonpartner.sk\/?page_id=5#breadcrumb\"},\"inLanguage\":\"sk-SK\",\"potentialAction\":[{\"@type\":\"ReadAction\",\"target\":[\"https:\/\/www.ikonpartner.sk\/?page_id=5\"]}]},{\"@type\":\"ImageObject\",\"inLanguage\":\"sk-SK\",\"@id\":\"https:\/\/www.ikonpartner.sk\/?page_id=5#primaryimage\",\"url\":\"https:\/\/www.ikonpartner.sk\/wp-content\/uploads\/2024\/03\/logo_ikon.png\",\"contentUrl\":\"https:\/\/www.ikonpartner.sk\/wp-content\/uploads\/2024\/03\/logo_ikon.png\",\"width\":183,\"height\":73},{\"@type\":\"BreadcrumbList\",\"@id\":\"https:\/\/www.ikonpartner.sk\/?page_id=5#breadcrumb\",\"itemListElement\":[{\"@type\":\"ListItem\",\"position\":1,\"name\":\"Home\",\"item\":\"https:\/\/www.ikonpartner.sk\/\"},{\"@type\":\"ListItem\",\"position\":2,\"name\":\"Kontakt\"}]},{\"@type\":\"WebSite\",\"@id\":\"https:\/\/www.ikonpartner.sk\/#website\",\"url\":\"https:\/\/www.ikonpartner.sk\/\",\"name\":\"ikonpartner\",\"description\":\"\",\"potentialAction\":[{\"@type\":\"SearchAction\",\"target\":{\"@type\":\"EntryPoint\",\"urlTemplate\":\"https:\/\/www.ikonpartner.sk\/?s={search_term_string}\"},\"query-input\":\"required name=search_term_string\"}],\"inLanguage\":\"sk-SK\"}]}<\/script>\n<!-- \/ Yoast SEO plugin. -->","yoast_head_json":{"title":"Kontakt - ikonpartner","robots":{"index":"index","follow":"follow","max-snippet":"max-snippet:-1","max-image-preview":"max-image-preview:large","max-video-preview":"max-video-preview:-1"},"canonical":"https:\/\/www.ikonpartner.sk\/?page_id=5","og_locale":"sk_SK","og_type":"article","og_title":"Kontakt - ikonpartner","og_description":"GROUPAMA Kontakt Kontakt Patrik BOGN\u00c1R, s.r.o. Kr\u00e1\u013eov\u00e1 pri Senci 2035, 90050 I\u010cO: 35890291DI\u010c: 2021839578 Tel.:\u00a0\u202d+421 904 573 996\u202cEmail:\u00a0ikonpartner@ikonpartner.skWeb:\u00a0ikonpartner.sk\u00a0 Fio Bank:IBAN: SK2583300000002200806550BIC\/SWIFT: FIOZSKBAXXX Zap\u00edsanej v OR Mestsk\u00fd s\u00fad Bratislava III., Oddiel s.r.o. vlo\u017eka \u010d\u00edslo 32153\/B","og_url":"https:\/\/www.ikonpartner.sk\/?page_id=5","og_site_name":"ikonpartner","article_modified_time":"2024-07-08T13:36:07+00:00","og_image":[{"url":"https:\/\/www.ikonpartner.sk\/wp-content\/uploads\/2024\/03\/logo_ikon.png"}],"twitter_card":"summary_large_image","twitter_misc":{"Predpokladan\u00fd \u010das \u010d\u00edtania":"1 min\u00fata"},"schema":{"@context":"https:\/\/schema.org","@graph":[{"@type":"WebPage","@id":"https:\/\/www.ikonpartner.sk\/?page_id=5","url":"https:\/\/www.ikonpartner.sk\/?page_id=5","name":"Kontakt - ikonpartner","isPartOf":{"@id":"https:\/\/www.ikonpartner.sk\/#website"},"primaryImageOfPage":{"@id":"https:\/\/www.ikonpartner.sk\/?page_id=5#primaryimage"},"image":{"@id":"https:\/\/www.ikonpartner.sk\/?page_id=5#primaryimage"},"thumbnailUrl":"https:\/\/www.ikonpartner.sk\/wp-content\/uploads\/2024\/03\/logo_ikon.png","datePublished":"2024-03-28T09:49:21+00:00","dateModified":"2024-07-08T13:36:07+00:00","breadcrumb":{"@id":"https:\/\/www.ikonpartner.sk\/?page_id=5#breadcrumb"},"inLanguage":"sk-SK","potentialAction":[{"@type":"ReadAction","target":["https:\/\/www.ikonpartner.sk\/?page_id=5"]}]},{"@type":"ImageObject","inLanguage":"sk-SK","@id":"https:\/\/www.ikonpartner.sk\/?page_id=5#primaryimage","url":"https:\/\/www.ikonpartner.sk\/wp-content\/uploads\/2024\/03\/logo_ikon.png","contentUrl":"https:\/\/www.ikonpartner.sk\/wp-content\/uploads\/2024\/03\/logo_ikon.png","width":183,"height":73},{"@type":"BreadcrumbList","@id":"https:\/\/www.ikonpartner.sk\/?page_id=5#breadcrumb","itemListElement":[{"@type":"ListItem","position":1,"name":"Home","item":"https:\/\/www.ikonpartner.sk\/"},{"@type":"ListItem","position":2,"name":"Kontakt"}]},{"@type":"WebSite","@id":"https:\/\/www.ikonpartner.sk\/#website","url":"https:\/\/www.ikonpartner.sk\/","name":"ikonpartner","description":"","potentialAction":[{"@type":"SearchAction","target":{"@type":"EntryPoint","urlTemplate":"https:\/\/www.ikonpartner.sk\/?s={search_term_string}"},"query-input":"required name=search_term_string"}],"inLanguage":"sk-SK"}]}},"_links":{"self":[{"href":"https:\/\/www.ikonpartner.sk\/index.php?rest_route=\/wp\/v2\/pages\/5"}],"collection":[{"href":"https:\/\/www.ikonpartner.sk\/index.php?rest_route=\/wp\/v2\/pages"}],"about":[{"href":"https:\/\/www.ikonpartner.sk\/index.php?rest_route=\/wp\/v2\/types\/page"}],"author":[{"embeddable":true,"href":"https:\/\/www.ikonpartner.sk\/index.php?rest_route=\/wp\/v2\/users\/1"}],"replies":[{"embeddable":true,"href":"https:\/\/www.ikonpartner.sk\/index.php?rest_route=%2Fwp%2Fv2%2Fcomments&post=5"}],"version-history":[{"count":6,"href":"https:\/\/www.ikonpartner.sk\/index.php?rest_route=\/wp\/v2\/pages\/5\/revisions"}],"predecessor-version":[{"id":108,"href":"https:\/\/www.ikonpartner.sk\/index.php?rest_route=\/wp\/v2\/pages\/5\/revisions\/108"}],"wp:attachment":[{"href":"https:\/\/www.ikonpartner.sk\/index.php?rest_route=%2Fwp%2Fv2%2Fmedia&parent=5"}],"curies":[{"name":"wp","href":"https:\/\/api.w.org\/{rel}","templated":true}]}}